{"id":43892,"date":"2024-11-07T09:41:18","date_gmt":"2024-11-07T08:41:18","guid":{"rendered":"http:\/\/pulskasvakodnevnica.com\/?page_id=43892"},"modified":"2025-06-13T19:02:48","modified_gmt":"2025-06-13T17:02:48","slug":"impressum-2","status":"publish","type":"page","link":"http:\/\/pulskasvakodnevnica.com\/index.php\/impressum-2\/","title":{"rendered":"Impressum"},"content":{"rendered":"\n<p class=\"has-text-align-center\"> <img loading=\"lazy\" decoding=\"async\" width=\"500\" height=\"500\" class=\"wp-image-43878\" style=\"width: 500px;\" src=\"http:\/\/pulskasvakodnevnica.com\/wp-content\/uploads\/2024\/11\/463080239_3072405936232909_5503172527849777601_n.jpg\" alt=\"\" srcset=\"http:\/\/pulskasvakodnevnica.com\/wp-content\/uploads\/2024\/11\/463080239_3072405936232909_5503172527849777601_n.jpg 720w, http:\/\/pulskasvakodnevnica.com\/wp-content\/uploads\/2024\/11\/463080239_3072405936232909_5503172527849777601_n-300x300.jpg 300w, http:\/\/pulskasvakodnevnica.com\/wp-content\/uploads\/2024\/11\/463080239_3072405936232909_5503172527849777601_n-150x150.jpg 150w\" sizes=\"(max-width: 500px) 100vw, 500px\" \/><\/p>\n\n\n\n<p><strong>Pulska Svakodnevnica<\/strong> je digitalni portal posve\u0107en pru\u017eanju svakodnevnih, relevantnih, pravovremenih i provjerenih informacija o doga\u0111ajima, \u017eivotu i aktualnostima iz Pule, Istre te RH. Cilj portala je informirati gra\u0111ane, poticati njihovu uklju\u010denost u dru\u0161tvena zbivanja i osigurati platformu za razmjenu ideja te pra\u0107enje lokalnih vijesti, kulture, sporta, glazbe, turizma te ostalih tematika. Portal tako\u0111er ima za cilj podr\u017eati lokalnu zajednicu isticanjem pozitivnih pri\u010da, inicijativa i prilika za razvoj. Suradnja sa relevantnim pravnim subjektima svih djelatnosti, institucijama, gradovima i op\u0107inama, jedinicama lokalne uprave i samouprave, s ciljem pru\u017eanja  informacija javnosti od izuzetnog zna\u010daja za grad Pulu te Istarsku \u017dupaniju.<\/p>\n\n\n\n<p>Pulska svakodnavnica je zami\u0161ljena kao glas lokalne zajednice, s fokusom na povezivanje ljudi i promicanje pozitivnih promjena u dru\u0161tvu.<\/p>\n\n\n\n<p>Na portalu se tako\u0111er mogu prona\u0107i i fotografije Pule i okolice, a svakodnevne fotografije te mnogobrojni foto albumi mogu se prona\u0107i na na\u0161im dru\u0161tvenim mre\u017eama s obzirom da je uz informiranje javnosti fotografija osnovna djelatnost udruge<\/p>\n\n\n\n<p>Stavovi autora \u010dlanaka odgovornost su autora i ne predstavljaju nu\u017eno i stavove redakcije.<\/p>\n\n\n\n<p><strong>Vlasnik web portala<\/strong>: KUU PULSKA SVAKODNEVNICA<\/p>\n\n\n\n<p>Emova 4, 52100 Pula<\/p>\n\n\n\n<p><strong>OIB:<\/strong> <strong>24342018314<\/strong><\/p>\n\n\n\n<p>Udruga nema zaposlenih osoba<\/p>\n\n\n\n<p>Udruga se financira putem donacija privatnih i pravnih subjekata<\/p>\n\n\n\n<p><strong>Podaci za uplate donacija :<\/strong><\/p>\n\n\n\n<p><strong>Broj ra\u010duna: IBAN HR8424070001100015789  ( Donacija )<\/strong><\/p>\n\n\n\n<p><strong>BIC: OTPVHR2X<\/strong><\/p>\n\n\n\n<p><strong>Barcod za donacije:<\/strong><\/p>\n\n\n\n<figure class=\"wp-block-image size-full\"><img loading=\"lazy\" decoding=\"async\" width=\"400\" height=\"190\" src=\"http:\/\/pulskasvakodnevnica.com\/wp-content\/uploads\/2024\/11\/Barcod-donacija-Pulska-svakodnevnica-1.jpg\" alt=\"\" class=\"wp-image-43910\" srcset=\"http:\/\/pulskasvakodnevnica.com\/wp-content\/uploads\/2024\/11\/Barcod-donacija-Pulska-svakodnevnica-1.jpg 400w, http:\/\/pulskasvakodnevnica.com\/wp-content\/uploads\/2024\/11\/Barcod-donacija-Pulska-svakodnevnica-1-300x143.jpg 300w, http:\/\/pulskasvakodnevnica.com\/wp-content\/uploads\/2024\/11\/Barcod-donacija-Pulska-svakodnevnica-1-150x71.jpg 150w\" sizes=\"(max-width: 400px) 100vw, 400px\" \/><\/figure>\n\n\n\n<p><strong>Redakcija:<\/strong><\/p>\n\n\n\n<p>Stefan Bo\u0161njak <\/p>\n\n\n\n<p>Damir Bo\u0161njak<\/p>\n\n\n\n<p><strong>Glavni urednik<\/strong>: Stefan Bo\u0161njak<\/p>\n\n\n\n<p><strong>Fotograf<\/strong>: Damir Bo\u0161njak<\/p>\n\n\n\n<p><strong>Vanjski suradnici:<\/strong> Augusta Ben\u010di\u0107 Ivan\u010din<\/p>\n\n\n\n<p><strong>Kontakt:<\/strong><\/p>\n\n\n\n<p><strong>Email<\/strong>: pulskasvakodnevnica@gmail.com<\/p>\n\n\n\n<p><strong>Facebook:<\/strong><\/p>\n\n\n\n<p><strong> <\/strong><a href=\"https:\/\/www.facebook.com\/PulskaSvakodnevnicaNews\">https:\/\/www.facebook.com\/PulskaSvakodnevnicaNews<\/a><\/p>\n\n\n\n<p><a href=\"https:\/\/www.facebook.com\/pulskasvakodnevnica?locale=hr_HR\">https:\/\/www.facebook.com\/pulskasvakodnevnica?locale=hr_HR<\/a><\/p>\n","protected":false},"excerpt":{"rendered":"<p>Pulska Svakodnevnica je digitalni portal posve\u0107en pru\u017eanju svakodnevnih, relevantnih, pravovremenih i provjerenih informacija o doga\u0111ajima, \u017eivotu i aktualnostima iz Pule,<\/p>\n","protected":false},"author":1,"featured_media":0,"parent":0,"menu_order":0,"comment_status":"closed","ping_status":"closed","template":"","meta":{"_mi_skip_tracking":false,"footnotes":""},"yoast_head":"<!-- This site is optimized with the Yoast SEO plugin v20.4 - https:\/\/yoast.com\/wordpress\/plugins\/seo\/ -->\n<title>Impressum - Pulska Svakodnevnica<\/title>\n<meta name=\"robots\" content=\"index, follow, max-snippet:-1, max-image-preview:large, max-video-preview:-1\" \/>\n<link rel=\"canonical\" href=\"http:\/\/pulskasvakodnevnica.com\/index.php\/impressum-2\/\" \/>\n<meta property=\"og:locale\" content=\"hr_HR\" \/>\n<meta property=\"og:type\" content=\"article\" \/>\n<meta property=\"og:title\" content=\"Impressum - Pulska Svakodnevnica\" \/>\n<meta property=\"og:description\" content=\"Pulska Svakodnevnica je digitalni portal posve\u0107en pru\u017eanju svakodnevnih, relevantnih, pravovremenih i provjerenih informacija o doga\u0111ajima, \u017eivotu i aktualnostima iz Pule,\" \/>\n<meta property=\"og:url\" content=\"http:\/\/pulskasvakodnevnica.com\/index.php\/impressum-2\/\" \/>\n<meta property=\"og:site_name\" content=\"Pulska Svakodnevnica\" \/>\n<meta property=\"article:publisher\" content=\"https:\/\/www.facebook.com\/PulskaSvakodnevnicaNews\" \/>\n<meta property=\"article:modified_time\" content=\"2025-06-13T17:02:48+00:00\" \/>\n<meta property=\"og:image\" content=\"http:\/\/pulskasvakodnevnica.com\/wp-content\/uploads\/2024\/11\/463080239_3072405936232909_5503172527849777601_n.jpg\" \/>\n<meta name=\"twitter:card\" content=\"summary_large_image\" \/>\n<meta name=\"twitter:label1\" content=\"Procijenjeno vrijeme \u010ditanja\" \/>\n\t<meta name=\"twitter:data1\" content=\"2 minute\" \/>\n<script type=\"application\/ld+json\" class=\"yoast-schema-graph\">{\"@context\":\"https:\/\/schema.org\",\"@graph\":[{\"@type\":\"WebPage\",\"@id\":\"http:\/\/pulskasvakodnevnica.com\/index.php\/impressum-2\/\",\"url\":\"http:\/\/pulskasvakodnevnica.com\/index.php\/impressum-2\/\",\"name\":\"Impressum - Pulska Svakodnevnica\",\"isPartOf\":{\"@id\":\"http:\/\/pulskasvakodnevnica.com\/#website\"},\"datePublished\":\"2024-11-07T08:41:18+00:00\",\"dateModified\":\"2025-06-13T17:02:48+00:00\",\"breadcrumb\":{\"@id\":\"http:\/\/pulskasvakodnevnica.com\/index.php\/impressum-2\/#breadcrumb\"},\"inLanguage\":\"hr\",\"potentialAction\":[{\"@type\":\"ReadAction\",\"target\":[\"http:\/\/pulskasvakodnevnica.com\/index.php\/impressum-2\/\"]}]},{\"@type\":\"BreadcrumbList\",\"@id\":\"http:\/\/pulskasvakodnevnica.com\/index.php\/impressum-2\/#breadcrumb\",\"itemListElement\":[{\"@type\":\"ListItem\",\"position\":1,\"name\":\"Po\u010detna stranica\",\"item\":\"http:\/\/pulskasvakodnevnica.com\/\"},{\"@type\":\"ListItem\",\"position\":2,\"name\":\"Impressum\"}]},{\"@type\":\"WebSite\",\"@id\":\"http:\/\/pulskasvakodnevnica.com\/#website\",\"url\":\"http:\/\/pulskasvakodnevnica.com\/\",\"name\":\"Pulska Svakodnevnica\",\"description\":\"Vijesti iz Pule i Istre\",\"potentialAction\":[{\"@type\":\"SearchAction\",\"target\":{\"@type\":\"EntryPoint\",\"urlTemplate\":\"http:\/\/pulskasvakodnevnica.com\/?s={search_term_string}\"},\"query-input\":\"required name=search_term_string\"}],\"inLanguage\":\"hr\"}]}<\/script>\n<!-- \/ Yoast SEO plugin. -->","yoast_head_json":{"title":"Impressum - Pulska Svakodnevnica","robots":{"index":"index","follow":"follow","max-snippet":"max-snippet:-1","max-image-preview":"max-image-preview:large","max-video-preview":"max-video-preview:-1"},"canonical":"http:\/\/pulskasvakodnevnica.com\/index.php\/impressum-2\/","og_locale":"hr_HR","og_type":"article","og_title":"Impressum - Pulska Svakodnevnica","og_description":"Pulska Svakodnevnica je digitalni portal posve\u0107en pru\u017eanju svakodnevnih, relevantnih, pravovremenih i provjerenih informacija o doga\u0111ajima, \u017eivotu i aktualnostima iz Pule,","og_url":"http:\/\/pulskasvakodnevnica.com\/index.php\/impressum-2\/","og_site_name":"Pulska Svakodnevnica","article_publisher":"https:\/\/www.facebook.com\/PulskaSvakodnevnicaNews","article_modified_time":"2025-06-13T17:02:48+00:00","og_image":[{"url":"http:\/\/pulskasvakodnevnica.com\/wp-content\/uploads\/2024\/11\/463080239_3072405936232909_5503172527849777601_n.jpg"}],"twitter_card":"summary_large_image","twitter_misc":{"Procijenjeno vrijeme \u010ditanja":"2 minute"},"schema":{"@context":"https:\/\/schema.org","@graph":[{"@type":"WebPage","@id":"http:\/\/pulskasvakodnevnica.com\/index.php\/impressum-2\/","url":"http:\/\/pulskasvakodnevnica.com\/index.php\/impressum-2\/","name":"Impressum - Pulska Svakodnevnica","isPartOf":{"@id":"http:\/\/pulskasvakodnevnica.com\/#website"},"datePublished":"2024-11-07T08:41:18+00:00","dateModified":"2025-06-13T17:02:48+00:00","breadcrumb":{"@id":"http:\/\/pulskasvakodnevnica.com\/index.php\/impressum-2\/#breadcrumb"},"inLanguage":"hr","potentialAction":[{"@type":"ReadAction","target":["http:\/\/pulskasvakodnevnica.com\/index.php\/impressum-2\/"]}]},{"@type":"BreadcrumbList","@id":"http:\/\/pulskasvakodnevnica.com\/index.php\/impressum-2\/#breadcrumb","itemListElement":[{"@type":"ListItem","position":1,"name":"Po\u010detna stranica","item":"http:\/\/pulskasvakodnevnica.com\/"},{"@type":"ListItem","position":2,"name":"Impressum"}]},{"@type":"WebSite","@id":"http:\/\/pulskasvakodnevnica.com\/#website","url":"http:\/\/pulskasvakodnevnica.com\/","name":"Pulska Svakodnevnica","description":"Vijesti iz Pule i Istre","potentialAction":[{"@type":"SearchAction","target":{"@type":"EntryPoint","urlTemplate":"http:\/\/pulskasvakodnevnica.com\/?s={search_term_string}"},"query-input":"required name=search_term_string"}],"inLanguage":"hr"}]}},"_links":{"self":[{"href":"http:\/\/pulskasvakodnevnica.com\/index.php\/wp-json\/wp\/v2\/pages\/43892"}],"collection":[{"href":"http:\/\/pulskasvakodnevnica.com\/index.php\/wp-json\/wp\/v2\/pages"}],"about":[{"href":"http:\/\/pulskasvakodnevnica.com\/index.php\/wp-json\/wp\/v2\/types\/page"}],"author":[{"embeddable":true,"href":"http:\/\/pulskasvakodnevnica.com\/index.php\/wp-json\/wp\/v2\/users\/1"}],"replies":[{"embeddable":true,"href":"http:\/\/pulskasvakodnevnica.com\/index.php\/wp-json\/wp\/v2\/comments?post=43892"}],"version-history":[{"count":19,"href":"http:\/\/pulskasvakodnevnica.com\/index.php\/wp-json\/wp\/v2\/pages\/43892\/revisions"}],"predecessor-version":[{"id":47033,"href":"http:\/\/pulskasvakodnevnica.com\/index.php\/wp-json\/wp\/v2\/pages\/43892\/revisions\/47033"}],"wp:attachment":[{"href":"http:\/\/pulskasvakodnevnica.com\/index.php\/wp-json\/wp\/v2\/media?parent=43892"}],"curies":[{"name":"wp","href":"https:\/\/api.w.org\/{rel}","templated":true}]}}